{"id":959,"date":"2026-03-01T19:54:03","date_gmt":"2026-03-01T18:54:03","guid":{"rendered":"https:\/\/barbarasanetra-psychoterapia.pl\/?page_id=959"},"modified":"2026-03-05T22:33:10","modified_gmt":"2026-03-05T21:33:10","slug":"psychoterapia-18","status":"publish","type":"page","link":"https:\/\/barbarasanetra-psychoterapia.pl\/","title":{"rendered":"Psychoterapia"},"content":{"rendered":"\n    \n    <section class=\"skrollable u-clearfix u-image u-parallax lazyload u-section-2\" id=\"block-1\" data-image-width=\"6000\" data-image-height=\"3000\" data-bg=\"url(&quot;https:\/\/barbarasanetra-psychoterapia.pl\/wp-content\/uploads\/2026\/03\/baner-2.jpg&quot;)\">\n      <div class=\"u-clearfix u-sheet u-sheet-1\">\n        <div class=\"u-clearfix u-expanded-width-xs u-group-elements u-group-elements-1\" data-animation-name=\"customAnimationIn\" data-animation-duration=\"1000\" data-animation-delay=\"0\">\n          <div class=\"u-absolute-hcenter-xs u-expanded u-gradient u-grey-40 u-opacity u-opacity-80 u-radius u-shape u-shape-round u-shape-1\"><\/div>\n          <h4 class=\"u-align-center u-custom-font u-font-open-sans u-text u-text-body-alt-color u-text-1\"> Psychoterapia to w\u0119dr\u00f3wka do w\u0142asnego wn\u0119trza, w kt\u00f3rej mo\u017cna\nodnale\u017a\u0107 siebie w pe\u0142ni \u2013 autentycznego, prawdziwego i bliskiego w\u0142asnym\nemocjom.&nbsp;<br>To droga ku \u017cyciu z wi\u0119ksz\u0105 lekko\u015bci\u0105, mniejszym l\u0119kiem i prawdziw\u0105 rado\u015bci\u0105\nbycia sob\u0105, a tak\u017ce ku pe\u0142niejszym i bardziej satysfakcjonuj\u0105cym relacjom z\ninnymi. \n          <\/h4>\n        <\/div>\n      <\/div>\n    <\/section>\n    <section class=\"u-clearfix u-section-3\" id=\"block-2\" data-image-width=\"805\" data-image-height=\"861\">\n      <div class=\"u-clearfix u-sheet u-sheet-1\">\n        <div class=\"data-layout-selected u-clearfix u-expanded-width-md u-expanded-width-sm u-expanded-width-xs u-layout-wrap u-layout-wrap-1\">\n          <div class=\"u-layout\">\n            <div class=\"u-layout-row\">\n              <div class=\"u-container-style u-layout-cell u-size-60 u-layout-cell-1\">\n                <div class=\"u-container-layout u-valign-top-md u-valign-top-xs u-container-layout-1\">\n                  <blockquote class=\"u-align-center u-border-5 u-border-custom-color-1 u-custom-font u-font-open-sans u-indent-15 u-text u-text-default u-text-1\" data-animation-name=\"customAnimationIn\" data-animation-duration=\"1000\" data-animation-delay=\"0\">PSYCHOTERAPIA <\/blockquote>\n                  <p class=\"u-align-left u-custom-font u-font-open-sans u-text u-text-2\" data-animation-name=\"customAnimationIn\" data-animation-duration=\"1000\" data-animation-delay=\"0\"><span style=\"font-weight: 700;\"> Psychoterapia<\/span> to profesjonalna, \u015bwiadoma forma wsparcia,\nkt\u00f3ra pomaga radzi\u0107 sobie z trudno\u015bciami emocjonalnymi, psychicznymi i w\nrelacjach.<br> Dzi\u0119ki regularnym spotkaniom w bezpiecznej i poufnej przestrzeni mo\u017cliwe jest:&nbsp;<!--[if !supportLists]-->\n                    <br>\n                    <br>\u2022&nbsp;&nbsp;&nbsp; <!--[endif]-->lepsze rozumienie\nw\u0142asnych emocji, reakcji i wzorc\u00f3w zachowa\u0144,&nbsp;<br>\u2022&nbsp;&nbsp;&nbsp; <!--[endif]-->uwa\u017cne do\u015bwiadczanie\ncia\u0142a i emocji w kontek\u015bcie codziennych trudno\u015bci,&nbsp;<br>\u2022&nbsp;&nbsp;&nbsp; <!--[endif]-->wspieranie os\u00f3b, kt\u00f3re do\u015bwiadczaj\u0105 objaw\u00f3w psychosomatycznych,&nbsp;<br>\u2022&nbsp; &nbsp;&nbsp;odkrywanie sposob\u00f3w radzenia sobie z kryzysami i\nstresem,&nbsp;<br>\u2022&nbsp;&nbsp;&nbsp; <!--[endif]-->wspieranie osobistego rozwoju i lepszego\nfunkcjonowania w relacjach oraz \u017cyciu codziennym.&nbsp;&nbsp; \n                  <\/p>\n                <\/div>\n              <\/div>\n            <\/div>\n          <\/div>\n        <\/div>\n        <img class=\"u-expanded-width-xs u-image u-image-contain u-image-default lazyload u-image-1\" alt=\"\" data-image-width=\"805\" data-image-height=\"861\" data-animation-name=\"customAnimationIn\" data-animation-duration=\"1000\" data-animation-delay=\"0\" data-src=\"https:\/\/barbarasanetra-psychoterapia.pl\/wp-content\/uploads\/2026\/03\/strona-2.png\" loading=\"lazy\">\n      <\/div>\n    <\/section>\n    <section class=\"u-align-center u-clearfix u-container-align-center u-container-align-center-lg u-container-align-center-md u-container-align-center-xl u-palette-4-dark-3 u-section-4\" id=\"block-3\">\n      <div class=\"u-clearfix u-sheet u-sheet-1\">\n        <blockquote class=\"u-align-left-sm u-align-left-xs u-border-5 u-border-custom-color-1 u-custom-font u-font-open-sans u-indent-15 u-text u-text-default u-text-1\" data-animation-name=\"customAnimationIn\" data-animation-duration=\"1000\" data-animation-delay=\"0\">KOMU POMAGAM <\/blockquote>\n        <p class=\"u-align-justify-lg u-align-justify-md u-align-justify-sm u-align-justify-xl u-align-left-xs u-custom-font u-font-open-sans u-text u-text-2\" data-animation-name=\"customAnimationIn\" data-animation-duration=\"1000\" data-animation-delay=\"0\">Prowadz\u0119 <b>psychoterapi\u0119 <\/b>indywidualn\u0105 os\u00f3b doros\u0142ych,\nszczeg\u00f3lnie w przypadku:&nbsp;<!--[if !supportLists]-->\n          <br>\n          <br>\u2022 Zaburze\u0144 osobowo\u015bci\n\u2013 trudno\u015bci w relacjach, emocjonalne napi\u0119cie, powtarzaj\u0105ce si\u0119 konflikty&nbsp;<br>\u2022 Zaburze\u0144 l\u0119kowych i\ndepresji \u2013 chroniczny niepok\u00f3j, stany przygn\u0119bienia, poczucie pustki&nbsp;<br>\u2022 Kryzys\u00f3w \u017cyciowych i\nemocjonalnych \u2013 trudne sytuacje, utrata r\u00f3wnowagi, decyzje \u017cyciowe&nbsp;<br>\u2022&nbsp;Trudno\u015bci w relacjach\ni blisko\u015bci \u2013 problemy w komunikacji, konflikty, trudno\u015bci z intymno\u015bci\u0105&nbsp;<br>\u2022&nbsp;Problemy ze stresem,\nsamoakceptacj\u0105 i poczuciem w\u0142asnej warto\u015bci&nbsp;<br>\u2022&nbsp;Prze\u017cywania \u017ca\u0142oby,\nstraty lub zmian \u017cyciowych&nbsp;<br>\u2022 Trudno\u015bci w\npodejmowaniu decyzji lub dzia\u0142aniu w codziennym \u017cyciu&nbsp;<br>\u2022&nbsp;Do\u015bwiadcze\u0144 traumy i\nnapi\u0119cia emocjonalnego&nbsp;<br>\u2022 Objaw\u00f3w\npsychosomatycznych \u2013 napi\u0119cia cia\u0142a, dolegliwo\u015bci wynikaj\u0105ce ze stresu,\nm.in. t\u0119\u017cyczka, b\u00f3le napi\u0119ciowe, problemy ze snem&nbsp; &nbsp;&nbsp;<br>\n          <br>Terapia prowadzona jest w nurcie integratywnym\nsystemowym z perspektyw\u0105 psychodynamiczn\u0105, pog\u0142\u0119bionym o szkolenie Core\nISTDP.<br> Spotkania odbywaj\u0105 si\u0119 stacjonarnie w Krakowie\nlub online, w tempie dostosowanym do potrzeb\npacjenta, w pe\u0142nej poufno\u015bci i zgodnie z zasadami etyki zawodowej.&nbsp;&nbsp; \n        <\/p>\n      <\/div>\n    <\/section>\n    <section class=\"u-align-center u-clearfix u-color-var u-container-align-center u-section-5\" id=\"block-4\">\n      <div class=\"u-expanded-width u-radius u-shape u-shape-round u-white u-shape-1\" data-animation-name=\"flipIn\" data-animation-duration=\"1500\" data-animation-delay=\"0\" data-animation-direction=\"X\"><\/div>\n      <div class=\"data-layout-selected u-clearfix u-gutter-34 u-layout-wrap u-layout-wrap-1\">\n        <div class=\"u-layout\" style=\"\">\n          <div class=\"u-layout-row\" style=\"\">\n            <div class=\"u-align-center u-container-align-center u-container-style u-image u-image-round u-layout-cell u-left-cell u-radius u-size-21-xl u-size-25-lg u-size-60-md u-size-60-sm u-size-60-xs u-size-xs-60 lazyload u-image-1\" src=\"\" data-animation-name=\"customAnimationIn\" data-animation-duration=\"1500\" data-animation-delay=\"500\" data-image-width=\"1066\" data-image-height=\"1600\" data-bg=\"url(&quot;https:\/\/barbarasanetra-psychoterapia.pl\/wp-content\/uploads\/2026\/03\/DSC_9314pieknafotografia.pimperoimages.com_-2.jpg&quot;)\">\n              <div class=\"u-container-layout u-valign-top u-container-layout-1\" src=\"\"><\/div>\n            <\/div>\n            <div class=\"u-container-style u-layout-cell u-radius u-right-cell u-shape-round u-size-35-lg u-size-39-xl u-size-60-md u-size-60-sm u-size-60-xs u-size-xs-60 u-white u-layout-cell-2\" data-animation-name=\"customAnimationIn\" data-animation-duration=\"1500\">\n              <div class=\"u-container-layout u-valign-bottom-md u-valign-middle-lg u-valign-middle-sm u-valign-top-xl u-valign-top-xs u-container-layout-2\">\n                <blockquote class=\"u-border-5 u-border-custom-color-1 u-custom-font u-font-open-sans u-indent-15 u-text u-text-default u-text-1\">O MNIE <\/blockquote>\n                <p class=\"u-align-justify u-text u-text-2\"> Nazywam si\u0119 <span style=\"font-weight: 700;\">Barbara Sanetra <\/span>i jestem <span style=\"font-weight: 700;\">certyfikowan\u0105 psychoterapeutk\u0105 <\/span>Polskiej Federacji\nPsychoterapii.&nbsp;<br>Od 2016 roku pracuj\u0119 z osobami\ndoros\u0142ymi, wspieraj\u0105c je w radzeniu sobie z trudno\u015bciami emocjonalnymi,\nkryzysami i zaburzeniami psychicznymi.&nbsp;<br>\n                  <br>Pracuj\u0119 w nurcie integratywnym systemowym z wiod\u0105c\u0105\nperspektyw\u0105 psychodynamiczn\u0105, a moje podej\u015bcie zosta\u0142o ukszta\u0142towane r\u00f3wnie\u017c przez\nkilkuletnie szkolenie w nurcie ISTDP. W terapii skupiam si\u0119 na \u015bwiadomym do\u015bwiadczaniu emocji, pracy z cia\u0142em oraz\nrozwijaniu wgl\u0105du, co pozwala pacjentom lepiej rozumie\u0107 co dzieje si\u0119 w\nich psychice i ciele. Dzi\u0119ki temu terapia wychodzi poza sam\u0105 rozmow\u0119,\numo\u017cliwiaj\u0105c g\u0142\u0119bsze przepracowanie trudno\u015bci i objaw\u00f3w psychosomatycznych.&nbsp;<br>\n                  <br>Regularnie uczestnicz\u0119 w\nsuperwizjach oraz dbam o w\u0142asny rozw\u00f3j zawodowy i osobisty, bior\u0105c udzia\u0142 w\nlicznych kursach i warsztatach dotycz\u0105cych pracy z l\u0119kiem, depresj\u0105, emocjami,\ncia\u0142em oraz trudnymi wzorcami relacyjnymi, co pozwala mi prowadzi\u0107 psychoterapi\u0119\nzgodnie z aktualnymi standardami etycznymi i naukowymi.&nbsp;<br>\n                  <br>Uko\u0144czy\u0142am psychologi\u0119 stosowan\u0105\nna Uniwersytecie Jagiello\u0144skim, nast\u0119pnie 4-letni\u0105\nSzko\u0142\u0119 Psychoterapii Integratywnej w Polskim Instytucie Psychoterapii\nIntegratywnej MKN &nbsp;w ramach kt\u00f3rej\nodby\u0142am r\u00f3wnie\u017c sta\u017c kliniczny 360 godzin na\noddziale psychiatrycznym. Zdobywa\u0142am do\u015bwiadczenie prowadz\u0105c w\u0142asn\u0105\npraktyk\u0119 terapeutyczn\u0105, uczestnicz\u0105c w grupach szkoleniowych i pracuj\u0105c w\nr\u00f3\u017cnych instytucjach wspieraj\u0105cych osoby doros\u0142e w kryzysie.\nPoza prac\u0105 terapeutyczn\u0105 ch\u0119tnie sp\u0119dzam\nczas na \u0142onie natury, uprawiam sport i w\u0119druj\u0119 brzegiem morza. Lubi\u0119 te\u017c\nciep\u0142o s\u0142o\u0144ca, kontakt ze zwierz\u0119tami oraz chwile\nspokoju, kt\u00f3re pomagaj\u0105 mi na co dzie\u0144 zachowa\u0107 r\u00f3wnowag\u0119 i wra\u017cliwo\u015b\u0107 w\nrelacji z pacjentami.&nbsp;&nbsp;<br>\n                  <br>\n                  <br>\n                <\/p>\n              <\/div>\n            <\/div>\n          <\/div>\n        <\/div>\n      <\/div>\n      <img class=\"u-image u-image-default lazyload u-image-2\" alt=\"\" data-image-width=\"3508\" data-image-height=\"2550\" data-src=\"https:\/\/barbarasanetra-psychoterapia.pl\/wp-content\/uploads\/2026\/03\/certyfikat_psychoterapeuty_Sanetra-2.jpg\" loading=\"lazy\">\n    <\/section>\n    <section class=\"u-align-center u-clearfix u-section-6\" id=\"block-5\">\n      <div class=\"u-clearfix u-sheet u-sheet-1\">\n        <div class=\"u-shape u-shape-svg u-text-white u-shape-1\">\n          <svg class=\"u-svg-link\" preserveAspectRatio=\"none\" viewBox=\"0 0 160 80\" style=\"\"><use xlink:href=\"#svg-0b7f\"><\/use><\/svg>\n          <svg xmlns=\"http:\/\/www.w3.org\/2000\/svg\" xmlns:xlink=\"http:\/\/www.w3.org\/1999\/xlink\" version=\"1.1\" xml:space=\"preserve\" class=\"u-svg-content\" viewBox=\"0 0 160 80\" x=\"0px\" y=\"0px\" id=\"svg-0b7f\" style=\"enable-background:new 0 0 160 80;\"><path d=\"M160,0H0c0,44.2,35.8,80,80,80S160,44.2,160,0z\"><\/path><\/svg>\n        <\/div>\n        <div class=\"custom-expanded u-list u-list-1\">\n          <div class=\"u-repeater u-repeater-1\">\n            <div class=\"u-align-center u-container-align-center u-container-style u-gradient u-list-item u-repeater-item u-list-item-1\" data-animation-name=\"jackInTheBox\" data-animation-duration=\"1000\" data-animation-delay=\"0\" data-animation-direction=\"\">\n              <div class=\"u-container-layout u-similar-container u-valign-top u-container-layout-1\">\n                <div class=\"u-align-center u-container-align-center u-container-style u-gradient u-group u-palette-1-base u-radius u-shape-round u-group-1\">\n                  <div class=\"u-container-layout u-valign-middle u-container-layout-2\"><span class=\"u-file-icon u-icon u-icon-1\"><img decoding=\"async\" src=\"https:\/\/barbarasanetra-psychoterapia.pl\/wp-content\/uploads\/2026\/03\/1584808-2.png\" alt=\"\"><\/span>\n                  <\/div>\n                <\/div>\n                <h5 class=\"u-text u-text-1\"> Czas trwania sesji<br>konsultacje\n                <\/h5>\n                <p class=\"u-text u-text-2\"><span style=\"font-weight: 700;\">50 minut<\/span>&nbsp;&nbsp;<br>\n                  <br>\n                <\/p>\n              <\/div>\n            <\/div>\n            <div class=\"u-align-center u-container-align-center u-container-style u-gradient u-list-item u-repeater-item u-list-item-2\" data-animation-name=\"jackInTheBox\" data-animation-duration=\"1000\" data-animation-delay=\"0\" data-animation-direction=\"\">\n              <div class=\"u-container-layout u-similar-container u-valign-top u-container-layout-3\">\n                <div class=\"u-align-center u-container-align-center u-container-style u-gradient u-group u-palette-1-base u-radius u-shape-round u-group-2\">\n                  <div class=\"u-container-layout u-valign-middle u-container-layout-4\"><span class=\"u-file-icon u-icon u-icon-2\"><img decoding=\"async\" src=\"https:\/\/barbarasanetra-psychoterapia.pl\/wp-content\/uploads\/2026\/03\/1019709-2.png\" alt=\"\"><\/span>\n                  <\/div>\n                <\/div>\n                <h5 class=\"u-text u-text-3\">Cena<br style=\"\">\n                <\/h5>\n                <p class=\"u-text u-text-4\"><span style=\"font-weight: 700;\">200 z\u0142<\/span>&nbsp;zar\u00f3wno sesja stacjonarna, jak i online \n                <\/p>\n              <\/div>\n            <\/div>\n            <div class=\"u-align-center u-container-align-center u-container-style u-gradient u-list-item u-repeater-item u-list-item-3\" data-animation-name=\"jackInTheBox\" data-animation-duration=\"1000\" data-animation-delay=\"0\" data-animation-direction=\"\">\n              <div class=\"u-container-layout u-similar-container u-valign-top u-container-layout-5\">\n                <div class=\"u-align-center u-container-align-center u-container-style u-gradient u-group u-palette-1-base u-radius u-shape-round u-group-3\">\n                  <div class=\"u-container-layout u-valign-middle u-container-layout-6\"><span class=\"u-file-icon u-icon u-icon-3\"><img decoding=\"async\" src=\"https:\/\/barbarasanetra-psychoterapia.pl\/wp-content\/uploads\/2026\/03\/535239-2.png\" alt=\"\"><\/span>\n                  <\/div>\n                <\/div>\n                <h5 class=\"u-text u-text-5\"> Miejsce sesji stacjonarnych<\/h5>\n                <p class=\"u-text u-text-6\"> Krak\u00f3w, okolice Placu Inwalid\u00f3w<\/p>\n              <\/div>\n            <\/div>\n            <div class=\"u-align-center u-container-align-center u-container-style u-gradient u-list-item u-repeater-item u-list-item-4\" data-animation-name=\"jackInTheBox\" data-animation-duration=\"1000\" data-animation-delay=\"0\" data-animation-direction=\"\">\n              <div class=\"u-container-layout u-similar-container u-valign-top u-container-layout-7\">\n                <div class=\"u-align-center u-container-align-center u-container-style u-gradient u-group u-palette-1-base u-radius u-shape-round u-group-4\">\n                  <div class=\"u-container-layout u-valign-middle u-container-layout-8\"><span class=\"u-file-icon u-icon u-icon-4\"><img decoding=\"async\" src=\"https:\/\/barbarasanetra-psychoterapia.pl\/wp-content\/uploads\/2026\/03\/3583503-2.png\" alt=\"\"><\/span>\n                  <\/div>\n                <\/div>\n                <h5 class=\"u-text u-text-7\"> Sesje online<\/h5>\n                <p class=\"u-text u-text-8\"> prowadzone na platformach Signal, Google Meet, Microsoft Teams lub\nWhatsApp<br>\n                  <br>Sesje nie s\u0105 prowadzone telefonicznie. \n                <\/p>\n              <\/div>\n            <\/div>\n          <\/div>\n        <\/div>\n        <blockquote class=\"u-border-5 u-border-custom-color-1 u-custom-font u-font-open-sans u-indent-15 u-text u-text-default u-text-9\" data-animation-name=\"customAnimationIn\" data-animation-duration=\"1000\" data-animation-delay=\"0\">CENA I MIEJSCE<\/blockquote>\n      <\/div>\n    <\/section>\n    <section class=\"u-clearfix u-color-var u-section-7\" id=\"block-6\">\n      <div class=\"u-clearfix u-sheet u-sheet-1\">\n        <blockquote class=\"u-align-left-md u-align-left-sm u-align-left-xs u-border-5 u-border-custom-color-1 u-custom-font u-font-open-sans u-indent-15 u-text u-text-body-alt-color u-text-default u-text-1\" data-animation-name=\"customAnimationIn\" data-animation-duration=\"1000\" data-animation-delay=\"0\">DANE KONTAKTOWE<\/blockquote>\n        <a href=\"tel:698001104\" class=\"u-active-none u-btn u-btn-rectangle u-button-style u-hover-none u-none u-text-body-alt-color u-btn-1\"><span class=\"u-icon\"><svg class=\"u-svg-content\" viewBox=\"0 0 405.333 405.333\" x=\"0px\" y=\"0px\" style=\"width: 1em; height: 1em;\"><path d=\"M373.333,266.88c-25.003,0-49.493-3.904-72.704-11.563c-11.328-3.904-24.192-0.896-31.637,6.699l-46.016,34.752    c-52.8-28.181-86.592-61.952-114.389-114.368l33.813-44.928c8.512-8.512,11.563-20.971,7.915-32.64    C142.592,81.472,138.667,56.96,138.667,32c0-17.643-14.357-32-32-32H32C14.357,0,0,14.357,0,32    c0,205.845,167.488,373.333,373.333,373.333c17.643,0,32-14.357,32-32V298.88C405.333,281.237,390.976,266.88,373.333,266.88z\"><\/path><\/svg><\/span>&nbsp; +48 \u200b698 001 104 \n        <\/a>\n        <p class=\"u-text u-text-2\">\n          <a class=\"u-active-none u-border-none u-btn u-button-link u-button-style u-hover-none u-none u-text-white u-btn-2\" href=\"mailto:barbara.sanetra@gmail.com\"><span class=\"u-file-icon u-icon u-text-white\"><img decoding=\"async\" src=\"https:\/\/barbarasanetra-psychoterapia.pl\/wp-content\/uploads\/2026\/03\/8b8db8b8-2.png\" alt=\"\"><\/span> &nbsp; barbara.sanetra@gmail.com \n          <\/a>\n        <\/p>\n      <\/div>\n    <\/section>\n    \n    \n    \n  \n","protected":false},"excerpt":{"rendered":"<p>Psychoterapia to w\u0119dr\u00f3wka do w\u0142asnego wn\u0119trza, w kt\u00f3rej mo\u017cna odnale\u017a\u0107 siebie w pe\u0142ni \u2013 autentycznego, prawdziwego i bliskiego w\u0142asnym emocjom.&nbsp;To droga ku \u017cyciu z wi\u0119ksz\u0105 lekko\u015bci\u0105, mniejszym l\u0119kiem i prawdziw\u0105 rado\u015bci\u0105 bycia sob\u0105, a tak\u017ce ku pe\u0142niejszym i bardziej satysfakcjonuj\u0105cym relacjom z innymi. PSYCHOTERAPIA Psychoterapia to profesjonalna, \u015bwiadoma forma wsparcia, kt\u00f3ra pomaga radzi\u0107 sobie z &hellip; <a href=\"https:\/\/barbarasanetra-psychoterapia.pl\/\" class=\"more-link\">Continue reading<span class=\"screen-reader-text\"> &#8222;Psychoterapia&#8221;<\/span><\/a><\/p>\n","protected":false},"author":1,"featured_media":0,"parent":0,"menu_order":1,"comment_status":"closed","ping_status":"closed","template":"","meta":{"footnotes":""},"class_list":["post-959","page","type-page","status-publish","hentry"],"_links":{"self":[{"href":"https:\/\/barbarasanetra-psychoterapia.pl\/index.php?rest_route=\/wp\/v2\/pages\/959","targetHints":{"allow":["GET"]}}],"collection":[{"href":"https:\/\/barbarasanetra-psychoterapia.pl\/index.php?rest_route=\/wp\/v2\/pages"}],"about":[{"href":"https:\/\/barbarasanetra-psychoterapia.pl\/index.php?rest_route=\/wp\/v2\/types\/page"}],"author":[{"embeddable":true,"href":"https:\/\/barbarasanetra-psychoterapia.pl\/index.php?rest_route=\/wp\/v2\/users\/1"}],"replies":[{"embeddable":true,"href":"https:\/\/barbarasanetra-psychoterapia.pl\/index.php?rest_route=%2Fwp%2Fv2%2Fcomments&post=959"}],"version-history":[{"count":4,"href":"https:\/\/barbarasanetra-psychoterapia.pl\/index.php?rest_route=\/wp\/v2\/pages\/959\/revisions"}],"predecessor-version":[{"id":983,"href":"https:\/\/barbarasanetra-psychoterapia.pl\/index.php?rest_route=\/wp\/v2\/pages\/959\/revisions\/983"}],"wp:attachment":[{"href":"https:\/\/barbarasanetra-psychoterapia.pl\/index.php?rest_route=%2Fwp%2Fv2%2Fmedia&parent=959"}],"curies":[{"name":"wp","href":"https:\/\/api.w.org\/{rel}","templated":true}]}}